{"id":489,"date":"2022-09-13T09:02:26","date_gmt":"2022-09-13T09:02:26","guid":{"rendered":"https:\/\/jewelights.live-website.com\/?page_id=489"},"modified":"2024-10-02T17:39:32","modified_gmt":"2024-10-02T17:39:32","slug":"kauf","status":"publish","type":"page","link":"https:\/\/jewelights.com\/en\/kauf","title":{"rendered":"KUNDIN"},"content":{"rendered":"<p>[et_pb_section fb_built=&#8220;1&#8243; fullwidth=&#8220;on&#8220; _builder_version=&#8220;4.18.0&#8243; _module_preset=&#8220;default&#8220; global_colors_info=&#8220;{}&#8220;][et_pb_fullwidth_image src=&#8220;https:\/\/jewelights.com\/wp-content\/uploads\/2022\/11\/0-DX-4.jpg&#8220; title_text=&#8220;0-DX-4&#8243; disabled_on=&#8220;on|off|off&#8220; _builder_version=&#8220;4.20.2&#8243; _module_preset=&#8220;default&#8220; global_colors_info=&#8220;{}&#8220;][\/et_pb_fullwidth_image][et_pb_fullwidth_image src=&#8220;https:\/\/jewelights.com\/wp-content\/uploads\/2022\/11\/0-MX-4.jpg&#8220; title_text=&#8220;0-MX-4&#8243; disabled_on=&#8220;off|on|on&#8220; _builder_version=&#8220;4.20.2&#8243; _module_preset=&#8220;default&#8220; global_colors_info=&#8220;{}&#8220;][\/et_pb_fullwidth_image][\/et_pb_section][et_pb_section fb_built=&#8220;1&#8243; _builder_version=&#8220;4.18.0&#8243; _module_preset=&#8220;default&#8220; custom_padding=&#8220;||44px|||&#8220; global_colors_info=&#8220;{}&#8220;][et_pb_row _builder_version=&#8220;4.18.0&#8243; _module_preset=&#8220;default&#8220; height=&#8220;32px&#8220; hover_enabled=&#8220;0&#8243; global_colors_info=&#8220;{}&#8220; sticky_enabled=&#8220;0&#8243;][et_pb_column type=&#8220;4_4&#8243; _builder_version=&#8220;4.18.0&#8243; _module_preset=&#8220;default&#8220; global_colors_info=&#8220;{}&#8220;][et_pb_text _builder_version=&#8220;4.18.0&#8243; _module_preset=&#8220;default&#8220; text_letter_spacing=&#8220;1px&#8220; text_line_height=&#8220;39px&#8220; header_font=&#8220;|300|||||||&#8220; global_colors_info=&#8220;{}&#8220;]<\/p>\n<p>Die jeweLIGHTS sind Unikate und die meisten der St\u00fccke, die Sie unter dem Men\u00fcpunkt <a href=\"https:\/\/jewelights.com\/kollektion\">Kollektion<\/a> sehen k\u00f6nnen, stehen nicht mehr zum Verkauf.<\/p>\n<p>Nehmen Sie gerne <a href=\"https:\/\/jewelights.com\/202-2\">Kontakt <\/a>mit mir auf, wenn Sie k\u00fcnftig zu den ersten geh\u00f6ren m\u00f6chten, die \u00fcber neue jeweLIGHTS informiert werden.<\/p>\n<p>&nbsp;<\/p>\n<p>&nbsp;<\/p>\n<p>[\/et_pb_text][\/et_pb_column][\/et_pb_row][\/et_pb_section][et_pb_section fb_built=&#8220;1&#8243; fullwidth=&#8220;on&#8220; _builder_version=&#8220;4.18.0&#8243; _module_preset=&#8220;default&#8220; global_colors_info=&#8220;{}&#8220;][\/et_pb_section][et_pb_section fb_built=&#8220;1&#8243; fullwidth=&#8220;on&#8220; _builder_version=&#8220;4.18.0&#8243; _module_preset=&#8220;default&#8220; global_colors_info=&#8220;{}&#8220;][et_pb_fullwidth_image src=&#8220;https:\/\/jewelights.com\/wp-content\/uploads\/2022\/11\/0-DX-2.jpg&#8220; title_text=&#8220;0-DX-2&#8243; disabled_on=&#8220;on|off|off&#8220; _builder_version=&#8220;4.20.2&#8243; _module_preset=&#8220;default&#8220; global_colors_info=&#8220;{}&#8220;][\/et_pb_fullwidth_image][et_pb_fullwidth_image src=&#8220;https:\/\/jewelights.com\/wp-content\/uploads\/2022\/11\/0-MX-2.jpg&#8220; title_text=&#8220;0-MX-2&#8243; disabled_on=&#8220;off|on|on&#8220; _builder_version=&#8220;4.20.2&#8243; _module_preset=&#8220;default&#8220; global_colors_info=&#8220;{}&#8220;][\/et_pb_fullwidth_image][\/et_pb_section][et_pb_section fb_built=&#8220;1&#8243; _builder_version=&#8220;4.18.0&#8243; _module_preset=&#8220;default&#8220; global_colors_info=&#8220;{}&#8220;][et_pb_row _builder_version=&#8220;4.18.0&#8243; _module_preset=&#8220;default&#8220; global_colors_info=&#8220;{}&#8220;][et_pb_column type=&#8220;4_4&#8243; _builder_version=&#8220;4.18.0&#8243; _module_preset=&#8220;default&#8220; global_colors_info=&#8220;{}&#8220;][et_pb_text _builder_version=&#8220;4.18.0&#8243; _module_preset=&#8220;default&#8220; text_letter_spacing=&#8220;1px&#8220; text_line_height=&#8220;39px&#8220; header_font=&#8220;|300|||||||&#8220; global_colors_info=&#8220;{}&#8220;]<\/p>\n<p><strong>Wo kann ich jeweLIGHTS kaufen?<\/strong><\/p>\n<ul>\n<li><strong style=\"font-size: 32px;\">BEI DER <a href=\"https:\/\/hilde-leiss.de\">GALERIE F\u00dcR SCHMUCK, HILDE LEISS<\/a><\/strong><\/li>\n<\/ul>\n<p style=\"padding-left: 40px;\">IN HAMBURG, die mich langj\u00e4hrig vertritt.<\/p>\n<p><strong style=\"font-size: 32px;\"><\/strong><\/p>\n<p><strong style=\"font-size: 32px;\"><\/strong><\/p>\n<ul>\n<li><strong style=\"font-size: 32px;\">\u00dcBER DIESE WEBPAGE<\/strong><\/li>\n<\/ul>\n<p style=\"padding-left: 40px;\">Aktuell stehen hier die nachfolgend gezeigten St\u00fccke zum Verkauf.<\/p>\n<p>&nbsp;<\/p>\n<p>[\/et_pb_text][et_pb_image src=&#8220;https:\/\/jewelights.com\/wp-content\/uploads\/2022\/09\/COMING-SOON-PRODUCTS-Dx-mh08-2.jpg&#8220; title_text=&#8220;COMING-SOON-PRODUCTS-Dx-mh08-2&#8243; disabled_on=&#8220;on|on|on&#8220; _builder_version=&#8220;4.27.2&#8243; _module_preset=&#8220;default&#8220; hover_enabled=&#8220;0&#8243; global_colors_info=&#8220;{}&#8220; disabled=&#8220;on&#8220; sticky_enabled=&#8220;0&#8243;][\/et_pb_image][et_pb_image src=&#8220;https:\/\/jewelights.com\/wp-content\/uploads\/2022\/09\/COMING-SOON-PRODUCTS-Dx-mh08-.jpg&#8220; title_text=&#8220;COMING-SOON-PRODUCTS-Dx-mh08-&#8220; disabled_on=&#8220;on|on|on&#8220; _builder_version=&#8220;4.27.2&#8243; _module_preset=&#8220;default&#8220; hover_enabled=&#8220;0&#8243; global_colors_info=&#8220;{}&#8220; disabled=&#8220;on&#8220; sticky_enabled=&#8220;0&#8243;][\/et_pb_image][\/et_pb_column][\/et_pb_row][et_pb_row _builder_version=&#8220;4.18.0&#8243; _module_preset=&#8220;default&#8220; global_colors_info=&#8220;{}&#8220;][et_pb_column type=&#8220;4_4&#8243; _builder_version=&#8220;4.18.0&#8243; _module_preset=&#8220;default&#8220; global_colors_info=&#8220;{}&#8220;][et_pb_text _builder_version=&#8220;4.18.0&#8243; _module_preset=&#8220;default&#8220; text_letter_spacing=&#8220;1px&#8220; text_line_height=&#8220;39px&#8220; header_font=&#8220;|300|||||||&#8220; global_colors_info=&#8220;{}&#8220;]<\/p>\n<p><strong>Mein gew\u00fcnschtes jeweLIGHTS scheint bereits vergriffen zu sein\u2026<br \/>Was kann ich tun?<\/strong><\/p>\n<p>Durch das Abonnieren des <a href=\"https:\/\/jewelights.com\/202-2\">Newsletters<\/a> werden Sie vorab per Email informiert, sobald neue jeweLIGHTS-St\u00fccke erscheinen.<\/p>\n<p><strong><\/strong><\/p>\n<p><strong>Wo werden die jeweLIGHTS hergestellt?<\/strong><\/p>\n<p>Alle jeweLIGHTS\u00a0 kreiere ich in meinem Hamburger Studio:<br \/>Hier entsteht jedes St\u00fcck mit viel Hingabe in zeitaufw\u00e4ndiger Handarbeit.<\/p>\n<p><strong><\/strong><\/p>\n<p><strong>Woher kommt die Energie f\u00fcr die Illumination der jeweLIGHTS?<\/strong><\/p>\n<p>Von einer wechselbaren Knopfzelle, die dezent im Verschluss verborgen ist. Sie speist die Leuchtdioden (LEDs) und versorgt das jeweLIGHTS mit ausreichend Energie f\u00fcr die Dauer einer illuminierten Ballnacht.<\/p>\n<p>&nbsp;<\/p>\n<p>&nbsp;<\/p>\n<p>[\/et_pb_text][\/et_pb_column][\/et_pb_row][\/et_pb_section][et_pb_section fb_built=&#8220;1&#8243; fullwidth=&#8220;on&#8220; _builder_version=&#8220;4.18.0&#8243; _module_preset=&#8220;default&#8220; global_colors_info=&#8220;{}&#8220;][\/et_pb_section]<\/p>\n","protected":false},"excerpt":{"rendered":"<p>Die jeweLIGHTS sind Unikate und die meisten der St\u00fccke, die Sie unter dem Men\u00fcpunkt Kollektion sehen k\u00f6nnen, stehen nicht mehr zum Verkauf. Nehmen Sie gerne Kontakt mit mir auf, wenn Sie k\u00fcnftig zu den ersten geh\u00f6ren m\u00f6chten, die \u00fcber neue jeweLIGHTS informiert werden. &nbsp; &nbsp;Wo kann ich jeweLIGHTS kaufen? BEI DER GALERIE F\u00dcR SCHMUCK, HILDE [&hellip;]<\/p>\n","protected":false},"author":1,"featured_media":0,"parent":0,"menu_order":0,"comment_status":"closed","ping_status":"closed","template":"","meta":{"_et_pb_use_builder":"on","_et_pb_old_content":"","_et_gb_content_width":"","footnotes":""},"class_list":["post-489","page","type-page","status-publish","hentry"],"_links":{"self":[{"href":"https:\/\/jewelights.com\/en\/wp-json\/wp\/v2\/pages\/489","targetHints":{"allow":["GET"]}}],"collection":[{"href":"https:\/\/jewelights.com\/en\/wp-json\/wp\/v2\/pages"}],"about":[{"href":"https:\/\/jewelights.com\/en\/wp-json\/wp\/v2\/types\/page"}],"author":[{"embeddable":true,"href":"https:\/\/jewelights.com\/en\/wp-json\/wp\/v2\/users\/1"}],"replies":[{"embeddable":true,"href":"https:\/\/jewelights.com\/en\/wp-json\/wp\/v2\/comments?post=489"}],"version-history":[{"count":21,"href":"https:\/\/jewelights.com\/en\/wp-json\/wp\/v2\/pages\/489\/revisions"}],"predecessor-version":[{"id":1274,"href":"https:\/\/jewelights.com\/en\/wp-json\/wp\/v2\/pages\/489\/revisions\/1274"}],"wp:attachment":[{"href":"https:\/\/jewelights.com\/en\/wp-json\/wp\/v2\/media?parent=489"}],"curies":[{"name":"wp","href":"https:\/\/api.w.org\/{rel}","templated":true}]}}