{"id":2534,"date":"2026-01-03T22:46:41","date_gmt":"2026-01-03T20:46:41","guid":{"rendered":"https:\/\/jewelights.com\/?page_id=2534"},"modified":"2026-02-08T18:29:48","modified_gmt":"2026-02-08T16:29:48","slug":"marc-mann","status":"publish","type":"page","link":"https:\/\/jewelights.com\/en\/marc-mann","title":{"rendered":"MARC MANN"},"content":{"rendered":"<p>[et_pb_section fb_built=&#8220;1&#8243; _builder_version=&#8220;4.27.5&#8243; _module_preset=&#8220;default&#8220; global_colors_info=&#8220;{}&#8220;][et_pb_row _builder_version=&#8220;4.27.5&#8243; _module_preset=&#8220;default&#8220; global_colors_info=&#8220;{}&#8220;][et_pb_column type=&#8220;4_4&#8243; _builder_version=&#8220;4.27.5&#8243; _module_preset=&#8220;default&#8220; global_colors_info=&#8220;{}&#8220;][et_pb_text disabled_on=&#8220;off|off|off&#8220; _builder_version=&#8220;4.27.5&#8243; _module_preset=&#8220;32eb9a1c-b24e-47b0-a26c-c02a0781a689&#8243; custom_margin=&#8220;|||-25px|false|false&#8220; global_colors_info=&#8220;{}&#8220;]<\/p>\n<h1>Marc Mann<\/h1>\n<p>[\/et_pb_text][\/et_pb_column][\/et_pb_row][\/et_pb_section][et_pb_section fb_built=&#8220;1&#8243; disabled_on=&#8220;on|off|off&#8220; _builder_version=&#8220;4.27.5&#8243; _module_preset=&#8220;default&#8220; global_colors_info=&#8220;{}&#8220;][et_pb_row _builder_version=&#8220;4.27.4&#8243; _module_preset=&#8220;default&#8220; global_colors_info=&#8220;{}&#8220;][et_pb_column type=&#8220;4_4&#8243; _builder_version=&#8220;4.27.4&#8243; _module_preset=&#8220;default&#8220; global_colors_info=&#8220;{}&#8220;][et_pb_text disabled_on=&#8220;on|off|off&#8220; _builder_version=&#8220;4.27.5&#8243; _module_preset=&#8220;default&#8220; header_3_font_size=&#8220;25px&#8220; custom_padding=&#8220;0px||0px|||&#8220; global_colors_info=&#8220;{}&#8220;]<\/p>\n<h3>Es begann mit Licht und altem Glas.<\/h3>\n<p>[\/et_pb_text][et_pb_text disabled_on=&#8220;on|off|off&#8220; _builder_version=&#8220;4.27.5&#8243; _module_preset=&#8220;default&#8220; custom_padding=&#8220;||0px|||&#8220; global_colors_info=&#8220;{}&#8220;]<\/p>\n<p><span style=\"color: #000000; font-size: 25px;\">In den fr\u00fchen 2000er-Jahren<br \/><\/span><span style=\"color: #000000;\"><\/span><span style=\"color: #000000;\">arbeitete ich an minimalistischen LED-Leuchten<br \/><\/span><span style=\"color: #000000;\">und sammelte zugleich alte Glasfl\u00e4schchen und Perlen.<\/span><\/p>\n<p><span style=\"color: #7e7053;\"><\/span><\/p>\n<p><span style=\"color: #7e7053;\">Irgendwann entstand die Idee,<br \/><\/span><span style=\"color: #7e7053;\">beides zusammenzuf\u00fchren \u2013<br \/><\/span><span style=\"color: #7e7053;\">aus einem poetischen Impuls.<\/span><span style=\"color: #cccccc;\"><\/span><\/p>\n<p><span style=\"color: #cccccc;\"><\/span><\/p>\n<p>[\/et_pb_text][\/et_pb_column][\/et_pb_row][\/et_pb_section][et_pb_section fb_built=&#8220;1&#8243; fullwidth=&#8220;on&#8220; disabled_on=&#8220;on|off|off&#8220; _builder_version=&#8220;4.27.5&#8243; _module_preset=&#8220;default&#8220; global_colors_info=&#8220;{}&#8220;][et_pb_fullwidth_image src=&#8220;https:\/\/jewelights.com\/wp-content\/uploads\/2026\/01\/Portraet-MM-dkl.jpg&#8220; title_text=&#8220;Portr\u00e4t MM &#8211; dkl&#8220; disabled_on=&#8220;on|off|off&#8220; _builder_version=&#8220;4.27.5&#8243; _module_preset=&#8220;default&#8220; global_colors_info=&#8220;{}&#8220;][\/et_pb_fullwidth_image][\/et_pb_section][et_pb_section fb_built=&#8220;1&#8243; disabled_on=&#8220;on|off|off&#8220; _builder_version=&#8220;4.27.5&#8243; _module_preset=&#8220;default&#8220; global_colors_info=&#8220;{}&#8220;][et_pb_row _builder_version=&#8220;4.27.4&#8243; _module_preset=&#8220;default&#8220; global_colors_info=&#8220;{}&#8220;][et_pb_column type=&#8220;4_4&#8243; _builder_version=&#8220;4.27.4&#8243; _module_preset=&#8220;default&#8220; global_colors_info=&#8220;{}&#8220;][et_pb_text disabled_on=&#8220;on|off|off&#8220; _builder_version=&#8220;4.27.5&#8243; _module_preset=&#8220;default&#8220; header_3_font_size=&#8220;25px&#8220; custom_padding=&#8220;0px||0px|||&#8220; global_colors_info=&#8220;{}&#8220;]<\/p>\n<h3>Licht fasziniert mich,<br \/>seit ich denken kann.<\/h3>\n<p>[\/et_pb_text][et_pb_text disabled_on=&#8220;on|off|off&#8220; _builder_version=&#8220;4.27.5&#8243; _module_preset=&#8220;default&#8220; custom_padding=&#8220;||0px|||&#8220; global_colors_info=&#8220;{}&#8220;]<\/p>\n<p><span style=\"color: #000000;\">Als Pr\u00e4senz.<\/span><\/p>\n<p>&nbsp;<\/p>\n<p>[\/et_pb_text][et_pb_text disabled_on=&#8220;on|off|off&#8220; _builder_version=&#8220;4.27.5&#8243; _module_preset=&#8220;default&#8220; custom_padding=&#8220;||0px|||&#8220; global_colors_info=&#8220;{}&#8220;]<\/p>\n<p><span style=\"color: #000000;\">Ich finde nicht nur Dinge.<br \/><\/span><span style=\"color: #000000;\">Ich finde Ideen.<\/span><\/p>\n<p><span style=\"color: #000000;\"><\/span><\/p>\n<p><span style=\"color: #000000;\"><\/span><\/p>\n<p><span style=\"color: #000000;\"><\/span><\/p>\n<p><span style=\"color: #000000;\">Jede Arbeit beginnt mit einer Begegnung.<br \/><\/span><span style=\"color: #000000;\">Mit einem Fragment.<br \/><\/span><span style=\"color: #000000;\">Mit einer Spur.<\/span><\/p>\n<p><span style=\"color: rgba(126, 112, 83, 0.62);\"><\/span><\/p>\n<p><span style=\"color: rgba(126, 112, 83, 0.62);\"><\/span><\/p>\n<p><span style=\"color: rgba(126, 112, 83, 0.62);\"><\/span><\/p>\n<p><span style=\"color: rgba(126, 112, 83, 0.62);\">Was folgt, ist geduldige Arbeit \u2013<br \/><\/span><span style=\"color: rgba(126, 112, 83, 0.62);\">Beobachten, Justieren, Reduzieren \u2013<br \/><\/span><span style=\"color: rgba(126, 112, 83, 0.62);\">im Vertrauen darauf,<br \/><\/span><span style=\"color: rgba(126, 112, 83, 0.62);\">dass Material und Licht<br \/><\/span><span style=\"color: rgba(126, 112, 83, 0.62);\">in ein stimmiges Verh\u00e4ltnis treten.<br \/><\/span><span style=\"color: rgba(126, 112, 83, 0.62);\">Sch\u00f6nheit ist anwesend.<\/span>\u00a0<\/p>\n<p><span style=\"color: rgba(126, 112, 83, 0.62);\"><\/span><\/p>\n<p><span style=\"color: rgba(126, 112, 83, 0.62);\"><\/span><\/p>\n<p><span style=\"color: rgba(126, 112, 83, 0.62);\"><\/span><\/p>\n<p>[\/et_pb_text][et_pb_text disabled_on=&#8220;on|off|off&#8220; _builder_version=&#8220;4.27.5&#8243; _module_preset=&#8220;default&#8220; header_3_font_size=&#8220;25px&#8220; custom_padding=&#8220;0px||0px|||&#8220; global_colors_info=&#8220;{}&#8220;]<\/p>\n<h3>Ich lebe und arbeite in Hamburg.\u00a0<\/h3>\n<p>[\/et_pb_text][et_pb_text disabled_on=&#8220;on|off|off&#8220; admin_label=&#8220;Text&#8220; _builder_version=&#8220;4.27.5&#8243; _module_preset=&#8220;default&#8220; text_text_color=&#8220;#000000&#8243; custom_padding=&#8220;||0px|||&#8220; global_colors_info=&#8220;{}&#8220;]<\/p>\n<p><span style=\"color: #7e7053;\">Mein Studio ist ein Ort der Konzentration.<br \/><\/span><span style=\"color: #7e7053;\">Der Reduktion.<br \/><\/span><span style=\"color: #7e7053;\">Der Aufmerksamkeit.<\/span><\/p>\n<p><span style=\"color: #7e7053;\"><\/span><\/p>\n<p><span style=\"color: #7e7053;\"><\/span><span style=\"color: #7e7053;\">Hier entstehen die jeweLIGHTS.<\/span><\/p>\n<p><span style=\"color: #7e7053;\"><\/span><\/p>\n<p><span style=\"color: #7e7053;\"><\/span><\/p>\n<p><span style=\"color: #7e7053;\"><\/span><\/p>\n<p><span style=\"color: #7e7053;\">Shaped by life.<br data-start=\"1951\" data-end=\"1954\" \/>Honored by light.<br data-start=\"1971\" data-end=\"1974\" \/>Held by peace.<\/span><\/p>\n<p><span style=\"color: #7e7053;\"><\/span><\/p>\n<p><span style=\"color: #7e7053;\"><\/span><\/p>\n<p><span style=\"color: #7e7053;\"><\/span><\/p>\n<p><span style=\"color: #7e7053;\">F\u00fcr gelegentliche Einblicke in laufende Arbeiten<br \/><\/span><span style=\"color: #7e7053;\">finden sich Fragmente auf Instagram:<br \/><\/span><span style=\"color: #d17859;\"><\/span><span style=\"color: #d17859;\"><a href=\"https:\/\/www.instagram.com\/jewelights_official\/\" style=\"color: #d17859;\"><strong>@jewelights_official<\/strong><\/a><\/span><\/p>\n<p><span style=\"color: #7e7053;\"><\/span><\/p>\n<p><span style=\"color: #7e7053;\"><\/span><\/p>\n<p><span style=\"color: #000000;\"><\/span><\/p>\n<p><span style=\"color: #000000;\"><\/span><\/p>\n<p><span style=\"color: #000000;\"><\/span><\/p>\n<p><span style=\"color: #7e7053;\"><\/span><\/p>\n<p><span style=\"color: #7e7053;\"><\/span><\/p>\n<p><span style=\"color: #7e7053;\"><\/span><\/p>\n<p><span style=\"color: #d17859;\"><strong><\/strong><\/span><\/p>\n<p><span style=\"color: #d17859;\"><strong><\/strong><\/span><\/p>\n<p><span style=\"color: #d17859;\"><strong><\/strong><\/span><\/p>\n<p><span style=\"color: #cccccc;\"><\/span><\/p>\n<p><span style=\"color: #cccccc;\"><\/span><\/p>\n<p>[\/et_pb_text][\/et_pb_column][\/et_pb_row][\/et_pb_section][et_pb_section fb_built=&#8220;1&#8243; disabled_on=&#8220;off|on|on&#8220; _builder_version=&#8220;4.27.5&#8243; _module_preset=&#8220;default&#8220; global_colors_info=&#8220;{}&#8220;][et_pb_row _builder_version=&#8220;4.27.5&#8243; _module_preset=&#8220;default&#8220; global_colors_info=&#8220;{}&#8220;][et_pb_column type=&#8220;4_4&#8243; _builder_version=&#8220;4.27.5&#8243; _module_preset=&#8220;default&#8220; global_colors_info=&#8220;{}&#8220;][et_pb_text disabled_on=&#8220;off|on|on&#8220; _builder_version=&#8220;4.27.5&#8243; _module_preset=&#8220;default&#8220; text_font_size=&#8220;22px&#8220; custom_margin=&#8220;||33px|||&#8220; custom_padding=&#8220;||0px|||&#8220; global_colors_info=&#8220;{}&#8220;]<\/p>\n<p>Licht als Pr\u00e4senz.<\/p>\n<p>[\/et_pb_text][\/et_pb_column][\/et_pb_row][\/et_pb_section][et_pb_section fb_built=&#8220;1&#8243; fullwidth=&#8220;on&#8220; _builder_version=&#8220;4.27.5&#8243; _module_preset=&#8220;default&#8220; global_colors_info=&#8220;{}&#8220;][et_pb_fullwidth_image src=&#8220;https:\/\/jewelights.com\/wp-content\/uploads\/2026\/01\/Portraet-MM-dkl-mobile.jpg&#8220; title_text=&#8220;Portr\u00e4t MM &#8211; dkl &#8211; mobile&#8220; disabled_on=&#8220;off|on|on&#8220; _builder_version=&#8220;4.27.5&#8243; _module_preset=&#8220;default&#8220; global_colors_info=&#8220;{}&#8220;][\/et_pb_fullwidth_image][\/et_pb_section][et_pb_section fb_built=&#8220;1&#8243; disabled_on=&#8220;off|on|on&#8220; _builder_version=&#8220;4.27.5&#8243; _module_preset=&#8220;default&#8220; global_colors_info=&#8220;{}&#8220;][et_pb_row _builder_version=&#8220;4.27.5&#8243; _module_preset=&#8220;default&#8220; global_colors_info=&#8220;{}&#8220;][et_pb_column type=&#8220;4_4&#8243; _builder_version=&#8220;4.27.5&#8243; _module_preset=&#8220;default&#8220; global_colors_info=&#8220;{}&#8220;][et_pb_text _builder_version=&#8220;4.27.5&#8243; _module_preset=&#8220;default&#8220; text_font_size=&#8220;22px&#8220; global_colors_info=&#8220;{}&#8220;]<\/p>\n<p data-start=\"1773\" data-end=\"1853\">Ich arbeite an der Nahtstelle<br data-start=\"1821\" data-end=\"1824\" \/>von Material, Zeit und Licht.<\/p>\n<p data-start=\"1773\" data-end=\"1853\">Jede Arbeit beginnt<br \/>mit einer Begegnung.<br data-start=\"1911\" data-end=\"1914\" \/>Mit einem Fragment.<br data-start=\"1933\" data-end=\"1936\" \/>Mit einer Spur.<\/p>\n<p data-start=\"1773\" data-end=\"1853\">Was folgt, ist geduldiges<br data-start=\"2001\" data-end=\"2004\" \/>beobachten,<br data-start=\"2015\" data-end=\"2018\" \/>justieren,<br data-start=\"2028\" data-end=\"2031\" \/>reduzieren.<\/p>\n<p data-start=\"1773\" data-end=\"1853\">Ich lebe und arbeite in Hamburg.<br \/>Hier entstehen die jeweLIGHTS.<\/p>\n<p data-start=\"1773\" data-end=\"1853\">\n<p data-start=\"1773\" data-end=\"1853\">\n<p data-start=\"1773\" data-end=\"1853\">Shaped by life.<br data-start=\"1951\" data-end=\"1954\" \/>Honored by light.<br data-start=\"1971\" data-end=\"1974\" \/>Held by peace.<\/p>\n<p data-start=\"1773\" data-end=\"1853\">\n<p data-start=\"1773\" data-end=\"1853\">\n<p><span>F\u00fcr gelegentliche Einblicke in laufende Arbeiten<br \/><\/span><span>finden sich Fragmente auf Instagram:<br \/><\/span><span><\/span><span><a href=\"https:\/\/www.instagram.com\/jewelights_official\/\"><strong>@jewelights_official<\/strong><\/a><\/span><span>\u00a0<\/span><\/p>\n<p>&nbsp;<\/p>\n<p>&nbsp;<\/p>\n<p>&nbsp;<\/p>\n<p>[\/et_pb_text][\/et_pb_column][\/et_pb_row][\/et_pb_section]<\/p>\n","protected":false},"excerpt":{"rendered":"<p>Marc MannEs begann mit Licht und altem Glas.In den fr\u00fchen 2000er-Jahrenarbeitete ich an minimalistischen LED-Leuchtenund sammelte zugleich alte Glasfl\u00e4schchen und Perlen. Irgendwann entstand die Idee,beides zusammenzuf\u00fchren \u2013aus einem poetischen Impuls. Licht fasziniert mich,seit ich denken kann.Als Pr\u00e4senz. &nbsp;Ich finde nicht nur Dinge.Ich finde Ideen. Jede Arbeit beginnt mit einer Begegnung.Mit einem Fragment.Mit einer Spur. Was [&hellip;]<\/p>\n","protected":false},"author":1,"featured_media":0,"parent":0,"menu_order":0,"comment_status":"closed","ping_status":"closed","template":"","meta":{"_et_pb_use_builder":"on","_et_pb_old_content":"","_et_gb_content_width":"","footnotes":""},"class_list":["post-2534","page","type-page","status-publish","hentry"],"_links":{"self":[{"href":"https:\/\/jewelights.com\/en\/wp-json\/wp\/v2\/pages\/2534","targetHints":{"allow":["GET"]}}],"collection":[{"href":"https:\/\/jewelights.com\/en\/wp-json\/wp\/v2\/pages"}],"about":[{"href":"https:\/\/jewelights.com\/en\/wp-json\/wp\/v2\/types\/page"}],"author":[{"embeddable":true,"href":"https:\/\/jewelights.com\/en\/wp-json\/wp\/v2\/users\/1"}],"replies":[{"embeddable":true,"href":"https:\/\/jewelights.com\/en\/wp-json\/wp\/v2\/comments?post=2534"}],"version-history":[{"count":68,"href":"https:\/\/jewelights.com\/en\/wp-json\/wp\/v2\/pages\/2534\/revisions"}],"predecessor-version":[{"id":3497,"href":"https:\/\/jewelights.com\/en\/wp-json\/wp\/v2\/pages\/2534\/revisions\/3497"}],"wp:attachment":[{"href":"https:\/\/jewelights.com\/en\/wp-json\/wp\/v2\/media?parent=2534"}],"curies":[{"name":"wp","href":"https:\/\/api.w.org\/{rel}","templated":true}]}}