{"id":2522,"date":"2026-01-03T21:40:47","date_gmt":"2026-01-03T19:40:47","guid":{"rendered":"https:\/\/jewelights.com\/?page_id=2522"},"modified":"2026-02-03T12:19:14","modified_gmt":"2026-02-03T10:19:14","slug":"studio","status":"publish","type":"page","link":"https:\/\/jewelights.com\/en\/studio","title":{"rendered":"STUDIO"},"content":{"rendered":"<p>[et_pb_section fb_built=&#8220;1&#8243; _builder_version=&#8220;4.27.5&#8243; _module_preset=&#8220;default&#8220; global_colors_info=&#8220;{}&#8220;][et_pb_row _builder_version=&#8220;4.27.5&#8243; _module_preset=&#8220;default&#8220; global_colors_info=&#8220;{}&#8220;][et_pb_column type=&#8220;4_4&#8243; _builder_version=&#8220;4.27.5&#8243; _module_preset=&#8220;default&#8220; global_colors_info=&#8220;{}&#8220;][et_pb_text disabled_on=&#8220;off|off|off&#8220; _builder_version=&#8220;4.27.5&#8243; _module_preset=&#8220;default&#8220; custom_margin=&#8220;|||-25px|false|false&#8220; custom_padding=&#8220;0px||0px|||&#8220; global_colors_info=&#8220;{}&#8220;]<\/p>\n<h1>Material, Licht und Zeit<\/h1>\n<p>[\/et_pb_text][\/et_pb_column][\/et_pb_row][\/et_pb_section][et_pb_section fb_built=&#8220;1&#8243; disabled_on=&#8220;on|off|off&#8220; _builder_version=&#8220;4.27.5&#8243; _module_preset=&#8220;default&#8220; global_colors_info=&#8220;{}&#8220;][et_pb_row _builder_version=&#8220;4.27.5&#8243; _module_preset=&#8220;default&#8220; custom_margin=&#8220;||||false|false&#8220; global_colors_info=&#8220;{}&#8220;][et_pb_column type=&#8220;4_4&#8243; _builder_version=&#8220;4.27.4&#8243; _module_preset=&#8220;default&#8220; global_colors_info=&#8220;{}&#8220;][et_pb_text _builder_version=&#8220;4.27.5&#8243; _module_preset=&#8220;37041a31-a2cc-4497-835e-50c28e426ed3&#8243; custom_margin=&#8220;|||-25px|false|false&#8220; global_colors_info=&#8220;{}&#8220;]<\/p>\n<h2>Gefundenes Material<\/h2>\n<p>[\/et_pb_text][et_pb_text disabled_on=&#8220;on|off|off&#8220; _builder_version=&#8220;4.27.5&#8243; _module_preset=&#8220;default&#8220; header_3_font_size=&#8220;25px&#8220; custom_padding=&#8220;0px||0px|||&#8220; global_colors_info=&#8220;{}&#8220;]<\/p>\n<h3>Jede Arbeit beginnt mit einem gefundenen Material.<\/h3>\n<p>[\/et_pb_text][et_pb_text disabled_on=&#8220;on|off|off&#8220; _builder_version=&#8220;4.27.5&#8243; _module_preset=&#8220;default&#8220; custom_padding=&#8220;||0px|||&#8220; global_colors_info=&#8220;{}&#8220;]<\/p>\n<p><span style=\"color: #000000;\"><\/span><\/p>\n<p><span style=\"color: #000000; font-size: 25px;\">Altes Glas tr\u00e4gt Geschichten in sich.<br \/><\/span><span style=\"color: #000000;\"><\/span><span style=\"color: #000000;\">Von Gebrauch und Vergessen.<br \/><\/span><span style=\"color: #000000;\">Von Wegen, die es genommen hat.<\/span><\/p>\n<p><span style=\"color: #7e7053;\"><\/span><\/p>\n<p><span style=\"color: #7e7053;\">Ich suche diese Materialien bewusst \u2013<br \/><\/span><span style=\"color: #7e7053;\">und lasse mich zugleich von ihnen finden.<\/span><\/p>\n<p><span style=\"color: #7e7053;\"><\/span><\/p>\n<p><span style=\"color: #7e7053;\"><\/span><\/p>\n<p><span style=\"color: #7e7053;\"><\/span><\/p>\n<p>[\/et_pb_text][et_pb_text _builder_version=&#8220;4.27.5&#8243; _module_preset=&#8220;37041a31-a2cc-4497-835e-50c28e426ed3&#8243; custom_margin=&#8220;|||-25px|false|false&#8220; global_colors_info=&#8220;{}&#8220;]<\/p>\n<h2>Fundorte<\/h2>\n<p>[\/et_pb_text][et_pb_text disabled_on=&#8220;on|off|off&#8220; _builder_version=&#8220;4.27.5&#8243; _module_preset=&#8220;default&#8220; header_3_font_size=&#8220;25px&#8220; custom_padding=&#8220;0px||0px|||&#8220; global_colors_info=&#8220;{}&#8220;]<\/p>\n<h3>Flussufer.<br \/>Antikm\u00e4rkte.<br \/>Archive des Zufalls.<\/h3>\n<p>[\/et_pb_text][\/et_pb_column][\/et_pb_row][et_pb_row _builder_version=&#8220;4.27.4&#8243; _module_preset=&#8220;default&#8220; global_colors_info=&#8220;{}&#8220;][et_pb_column type=&#8220;4_4&#8243; _builder_version=&#8220;4.27.4&#8243; _module_preset=&#8220;default&#8220; global_colors_info=&#8220;{}&#8220;][et_pb_text disabled_on=&#8220;on|off|off&#8220; _builder_version=&#8220;4.27.5&#8243; _module_preset=&#8220;default&#8220; custom_padding=&#8220;||0px|||&#8220; global_colors_info=&#8220;{}&#8220;]<\/p>\n<p><span style=\"color: #000000;\"><\/span><\/p>\n<p><span style=\"color: #000000;\">Am Ufer<br \/><\/span><span style=\"color: #000000;\">formen Wasser, Sand und Zeit das Glas.<\/span><\/p>\n<p><span style=\"color: #000000;\"><\/span><\/p>\n<p><span style=\"color: #000000;\"><\/span><span style=\"color: #000000;\">Auf M\u00e4rkten treten Objekte<br \/><\/span><span style=\"color: #000000;\">mit Spuren fr\u00fcherer Leben in Erscheinung.<\/span><\/p>\n<p><span style=\"color: #000000;\"><\/span><\/p>\n<p><span style=\"color: #000000;\">Was ich sammle, ist nicht Seltenheit \u2013<br \/><\/span><span style=\"color: #000000;\">sondern Resonanz.<\/span><\/p>\n<p><span style=\"color: #000000;\"><\/span><\/p>\n<p><span style=\"color: #000000;\"><\/span><\/p>\n<p><span style=\"color: #000000;\"><\/span><\/p>\n<p>[\/et_pb_text][et_pb_text _builder_version=&#8220;4.27.5&#8243; _module_preset=&#8220;37041a31-a2cc-4497-835e-50c28e426ed3&#8243; custom_margin=&#8220;|||-25px|false|false&#8220; global_colors_info=&#8220;{}&#8220;]<\/p>\n<h2>Zeit und Patina<\/h2>\n<p>[\/et_pb_text][\/et_pb_column][\/et_pb_row][\/et_pb_section][et_pb_section fb_built=&#8220;1&#8243; fullwidth=&#8220;on&#8220; disabled_on=&#8220;on|off|off&#8220; _builder_version=&#8220;4.27.5&#8243; _module_preset=&#8220;default&#8220; global_colors_info=&#8220;{}&#8220;][et_pb_nextend_smart_slider_3_fullwidth slider=&#8220;48&#8243; disabled_on=&#8220;on|off|off&#8220; _builder_version=&#8220;4.27.5&#8243; _module_preset=&#8220;default&#8220; global_colors_info=&#8220;{}&#8220;][\/et_pb_nextend_smart_slider_3_fullwidth][\/et_pb_section][et_pb_section fb_built=&#8220;1&#8243; disabled_on=&#8220;on|off|off&#8220; _builder_version=&#8220;4.27.5&#8243; _module_preset=&#8220;default&#8220; global_colors_info=&#8220;{}&#8220;][et_pb_row _builder_version=&#8220;4.27.4&#8243; _module_preset=&#8220;default&#8220; global_colors_info=&#8220;{}&#8220;][et_pb_column type=&#8220;4_4&#8243; _builder_version=&#8220;4.27.4&#8243; _module_preset=&#8220;default&#8220; global_colors_info=&#8220;{}&#8220;][et_pb_text disabled_on=&#8220;on|off|off&#8220; _builder_version=&#8220;4.27.5&#8243; _module_preset=&#8220;default&#8220; custom_padding=&#8220;||0px|||&#8220; global_colors_info=&#8220;{}&#8220;]<\/p>\n<p><span style=\"color: rgba(126, 112, 83, 0.62); font-size: 25px;\">Nicht alles<br \/><\/span><span style=\"color: rgba(126, 112, 83, 0.62);\"><\/span><span style=\"color: rgba(126, 112, 83, 0.62);\"><\/span><span style=\"color: rgba(126, 112, 83, 0.62);\">muss werden.<br \/><\/span><span style=\"color: rgba(126, 112, 83, 0.62);\"><\/span>\u00a0<\/p>\n<p>[\/et_pb_text][et_pb_text _builder_version=&#8220;4.27.5&#8243; _module_preset=&#8220;37041a31-a2cc-4497-835e-50c28e426ed3&#8243; custom_margin=&#8220;|||-25px|false|false&#8220; global_colors_info=&#8220;{}&#8220;]<\/p>\n<h2>Das Studio<\/h2>\n<p>[\/et_pb_text][et_pb_text disabled_on=&#8220;on|off|off&#8220; _builder_version=&#8220;4.27.5&#8243; _module_preset=&#8220;default&#8220; header_3_font_size=&#8220;25px&#8220; custom_padding=&#8220;0px||0px|||&#8220; global_colors_info=&#8220;{}&#8220;]<\/p>\n<h3>Das Studio ist ein Archiv von M\u00f6glichkeiten.<\/h3>\n<p>[\/et_pb_text][et_pb_text disabled_on=&#8220;on|off|off&#8220; _builder_version=&#8220;4.27.5&#8243; _module_preset=&#8220;default&#8220; custom_padding=&#8220;||0px|||&#8220; global_colors_info=&#8220;{}&#8220;]<\/p>\n<p>Regale voller gesammelter Materialien<br \/>warten,<br \/>bis Licht sie offenbart.<\/p>\n<p><span style=\"color: #7e7053;\"><\/span><\/p>\n<p><span style=\"color: #7e7053;\">Geduld ist Teil des Prozesses.<\/span><\/p>\n<p>&nbsp;<\/p>\n<p>[\/et_pb_text][\/et_pb_column][\/et_pb_row][\/et_pb_section][et_pb_section fb_built=&#8220;1&#8243; fullwidth=&#8220;on&#8220; disabled_on=&#8220;on|off|off&#8220; _builder_version=&#8220;4.27.5&#8243; _module_preset=&#8220;default&#8220; global_colors_info=&#8220;{}&#8220;][et_pb_fullwidth_image src=&#8220;https:\/\/jewelights.com\/wp-content\/uploads\/2026\/01\/4-DesktopDeutsch-STUDIO-mh01_2.jpg&#8220; title_text=&#8220;4-DesktopDeutsch &#8211; STUDIO- mh01&#8243; disabled_on=&#8220;on|off|off&#8220; _builder_version=&#8220;4.27.5&#8243; _module_preset=&#8220;default&#8220; global_colors_info=&#8220;{}&#8220;][\/et_pb_fullwidth_image][\/et_pb_section][et_pb_section fb_built=&#8220;1&#8243; disabled_on=&#8220;on|off|off&#8220; _builder_version=&#8220;4.27.5&#8243; _module_preset=&#8220;default&#8220; global_colors_info=&#8220;{}&#8220;][et_pb_row _builder_version=&#8220;4.27.5&#8243; _module_preset=&#8220;default&#8220; global_colors_info=&#8220;{}&#8220;][et_pb_column type=&#8220;4_4&#8243; _builder_version=&#8220;4.27.5&#8243; _module_preset=&#8220;default&#8220; global_colors_info=&#8220;{}&#8220;][et_pb_text _builder_version=&#8220;4.27.5&#8243; _module_preset=&#8220;default&#8220; global_colors_info=&#8220;{}&#8220;][\/et_pb_text][\/et_pb_column][\/et_pb_row][\/et_pb_section][et_pb_section fb_built=&#8220;1&#8243; fullwidth=&#8220;on&#8220; disabled_on=&#8220;on|off|off&#8220; _builder_version=&#8220;4.27.5&#8243; _module_preset=&#8220;default&#8220; global_colors_info=&#8220;{}&#8220;][et_pb_nextend_smart_slider_3_fullwidth slider=&#8220;49&#8243; disabled_on=&#8220;on|off|off&#8220; _builder_version=&#8220;4.27.5&#8243; _module_preset=&#8220;default&#8220; global_colors_info=&#8220;{}&#8220;][\/et_pb_nextend_smart_slider_3_fullwidth][\/et_pb_section][et_pb_section fb_built=&#8220;1&#8243; _builder_version=&#8220;4.27.4&#8243; _module_preset=&#8220;default&#8220; global_colors_info=&#8220;{}&#8220;][et_pb_row _builder_version=&#8220;4.27.4&#8243; _module_preset=&#8220;default&#8220; global_colors_info=&#8220;{}&#8220;][et_pb_column type=&#8220;4_4&#8243; _builder_version=&#8220;4.27.4&#8243; _module_preset=&#8220;default&#8220; global_colors_info=&#8220;{}&#8220;][et_pb_text disabled_on=&#8220;on|off|off&#8220; _builder_version=&#8220;4.27.5&#8243; _module_preset=&#8220;37041a31-a2cc-4497-835e-50c28e426ed3&#8243; custom_margin=&#8220;|||-25px|false|false&#8220; custom_padding=&#8220;0px|||||&#8220; global_colors_info=&#8220;{}&#8220;]<\/p>\n<h2>Technik<\/h2>\n<p>[\/et_pb_text][et_pb_text disabled_on=&#8220;on|off|off&#8220; _builder_version=&#8220;4.27.5&#8243; _module_preset=&#8220;default&#8220; header_3_font_size=&#8220;25px&#8220; custom_padding=&#8220;0px||0px|||&#8220; global_colors_info=&#8220;{}&#8220;]<\/p>\n<p><span style=\"color: rgba(0, 0, 0, 0.62); font-size: 25px;\">Technik steht im Dienst der Poesie.<br \/><\/span>Nie umgekehrt.\u00a0<\/p>\n<p>[\/et_pb_text][et_pb_text disabled_on=&#8220;on|off|off&#8220; _builder_version=&#8220;4.27.5&#8243; _module_preset=&#8220;default&#8220; custom_padding=&#8220;||0px|||&#8220; global_colors_info=&#8220;{}&#8220;]<\/p>\n<p><span style=\"color: #000000; font-size: 25px;\">Licht wird zur\u00fcckhaltend integriert.<br \/><\/span><span style=\"color: #000000;\"><\/span><span style=\"color: #000000;\">Miniaturisiert.<br \/><\/span><span style=\"color: #000000;\">Auf sein Wesentliches reduziert.<\/span><\/p>\n<p><span style=\"color: #7e7053;\"><\/span><\/p>\n<p><span style=\"color: #7e7053;\">Es unterst\u00fctzt das Material \u2013<br \/><\/span><span style=\"color: #7e7053;\">ohne es zu dominieren.<\/span>\u00a0<\/p>\n<p><span style=\"color: #7e7053;\"><\/span><\/p>\n<p><span style=\"color: #7e7053;\"><\/span><\/p>\n<p><span style=\"color: #7e7053;\"><\/span><\/p>\n<p>[\/et_pb_text][et_pb_text disabled_on=&#8220;on|off|off&#8220; _builder_version=&#8220;4.27.5&#8243; _module_preset=&#8220;37041a31-a2cc-4497-835e-50c28e426ed3&#8243; custom_margin=&#8220;|||-25px|false|false&#8220; global_colors_info=&#8220;{}&#8220;]<\/p>\n<h2>Transformation<\/h2>\n<p>[\/et_pb_text][et_pb_text disabled_on=&#8220;on|off|off&#8220; _builder_version=&#8220;4.27.5&#8243; _module_preset=&#8220;default&#8220; header_3_font_size=&#8220;25px&#8220; custom_padding=&#8220;0px||0px|||&#8220; global_colors_info=&#8220;{}&#8220;]<\/p>\n<h3>Transformation ist ein Akt der Sorgfalt.<\/h3>\n<p>[\/et_pb_text][et_pb_text disabled_on=&#8220;on|off|off&#8220; admin_label=&#8220;Text&#8220; _builder_version=&#8220;4.27.5&#8243; _module_preset=&#8220;default&#8220; custom_padding=&#8220;||0px|||&#8220; global_colors_info=&#8220;{}&#8220;]<\/p>\n<p><span style=\"color: #000000; font-size: 25px;\">Sichten.<br \/><\/span><span style=\"color: #000000;\"><\/span><span style=\"color: #000000;\">Sortieren.<br \/><\/span><span style=\"color: #000000;\">Selektieren.<\/span><\/p>\n<p><span style=\"color: #000000;\">Entscheidend ist Stimmigkeit.<\/span><\/p>\n<p><span style=\"color: #7e7053;\"><\/span><\/p>\n<p><span style=\"color: #7e7053;\">Wenn Material und Licht<br \/><\/span><span style=\"color: #7e7053;\">ihr Gleichgewicht finden<br \/><\/span><span style=\"color: #7e7053;\">ist die Arbeit abgeschlossen.<\/span><\/p>\n<p><span style=\"color: #000000;\"><\/span><\/p>\n<p><span style=\"color: #7e7053; font-size: 25px;\">Auch das Gelebte<br \/><\/span><span style=\"color: #7e7053; font-size: 25px;\">hat ein Recht auf Licht.<\/span><\/p>\n<p><span style=\"color: #7e7053;\"><\/span><\/p>\n<p><span style=\"color: #7e7053;\"><\/span><\/p>\n<p><span style=\"color: #7e7053;\"><\/span><\/p>\n<p>&nbsp;<\/p>\n<p>[\/et_pb_text][et_pb_text disabled_on=&#8220;off|on|on&#8220; _builder_version=&#8220;4.27.5&#8243; _module_preset=&#8220;default&#8220; custom_padding=&#8220;0px|||||&#8220; hover_enabled=&#8220;0&#8243; global_colors_info=&#8220;{}&#8220; sticky_enabled=&#8220;0&#8243; text_font_size=&#8220;22px&#8220;]<\/p>\n<p data-start=\"1085\" data-end=\"1151\">Jede Arbeit beginnt mit einem gefundenen Material.<\/p>\n<p data-start=\"1085\" data-end=\"1151\">Altes Glas tr\u00e4gt Spuren fr\u00fcherer Leben.<br data-start=\"1208\" data-end=\"1211\" \/>Von Gebrauch und Vergessen.<br data-start=\"1238\" data-end=\"1241\" \/>Von Wegen, die es genommen hat.<\/p>\n<p>[\/et_pb_text][\/et_pb_column][\/et_pb_row][\/et_pb_section][et_pb_section fb_built=&#8220;1&#8243; fullwidth=&#8220;on&#8220; disabled_on=&#8220;off|on|on&#8220; _builder_version=&#8220;4.27.5&#8243; _module_preset=&#8220;default&#8220; global_colors_info=&#8220;{}&#8220;][et_pb_fullwidth_image src=&#8220;https:\/\/jewelights.com\/wp-content\/uploads\/2026\/01\/4-Mobile-STUDIO-mh04_3.jpg&#8220; title_text=&#8220;4-Mobile &#8211; STUDIO- mh04&#8243; disabled_on=&#8220;off|on|on&#8220; _builder_version=&#8220;4.27.5&#8243; _module_preset=&#8220;default&#8220; global_colors_info=&#8220;{}&#8220;][\/et_pb_fullwidth_image][\/et_pb_section][et_pb_section fb_built=&#8220;1&#8243; disabled_on=&#8220;off|on|on&#8220; _builder_version=&#8220;4.27.5&#8243; _module_preset=&#8220;default&#8220; global_colors_info=&#8220;{}&#8220;][et_pb_row _builder_version=&#8220;4.27.5&#8243; _module_preset=&#8220;default&#8220; global_colors_info=&#8220;{}&#8220;][et_pb_column type=&#8220;4_4&#8243; _builder_version=&#8220;4.27.5&#8243; _module_preset=&#8220;default&#8220; global_colors_info=&#8220;{}&#8220;][et_pb_text disabled_on=&#8220;off|on|on&#8220; _builder_version=&#8220;4.27.5&#8243; _module_preset=&#8220;default&#8220; hover_enabled=&#8220;0&#8243; global_colors_info=&#8220;{}&#8220; sticky_enabled=&#8220;0&#8243; text_font_size=&#8220;22px&#8220;]<\/p>\n<p data-start=\"1085\" data-end=\"1151\">Ich suche diese Materialien bewusst \u2013<br data-start=\"1327\" data-end=\"1330\" \/>und lasse mich zugleich von ihnen finden.<span style=\"color: #000000;\"><\/span><\/p>\n<p>[\/et_pb_text][\/et_pb_column][\/et_pb_row][\/et_pb_section][et_pb_section fb_built=&#8220;1&#8243; fullwidth=&#8220;on&#8220; disabled_on=&#8220;off|on|on&#8220; _builder_version=&#8220;4.27.5&#8243; _module_preset=&#8220;default&#8220; global_colors_info=&#8220;{}&#8220;][et_pb_fullwidth_image src=&#8220;https:\/\/jewelights.com\/wp-content\/uploads\/2026\/01\/4-Mobile-STUDIO-mh04_2.jpg&#8220; title_text=&#8220;4-Mobile &#8211; STUDIO- mh04&#8243; disabled_on=&#8220;off|on|on&#8220; _builder_version=&#8220;4.27.5&#8243; _module_preset=&#8220;default&#8220; global_colors_info=&#8220;{}&#8220;][\/et_pb_fullwidth_image][\/et_pb_section][et_pb_section fb_built=&#8220;1&#8243; disabled_on=&#8220;off|on|on&#8220; _builder_version=&#8220;4.27.5&#8243; _module_preset=&#8220;default&#8220; global_colors_info=&#8220;{}&#8220;][et_pb_row _builder_version=&#8220;4.27.5&#8243; _module_preset=&#8220;default&#8220; global_colors_info=&#8220;{}&#8220;][et_pb_column type=&#8220;4_4&#8243; _builder_version=&#8220;4.27.5&#8243; _module_preset=&#8220;default&#8220; global_colors_info=&#8220;{}&#8220;][et_pb_text disabled_on=&#8220;off|on|on&#8220; _builder_version=&#8220;4.27.5&#8243; _module_preset=&#8220;default&#8220; hover_enabled=&#8220;0&#8243; global_colors_info=&#8220;{}&#8220; sticky_enabled=&#8220;0&#8243; text_font_size=&#8220;22px&#8220;]<\/p>\n<p data-start=\"1373\" data-end=\"1478\">Technik steht im Dienst des Materials.<br data-start=\"1427\" data-end=\"1430\" \/>Miniaturisiert.<br data-start=\"1445\" data-end=\"1448\" \/>Auf das Wesentliche reduziert.<\/p>\n<p data-start=\"1373\" data-end=\"1478\">\n<p data-start=\"1373\" data-end=\"1478\">Entscheidend ist Stimmigkeit.<br data-start=\"1525\" data-end=\"1528\" \/>Wenn Material und Licht<br data-start=\"1551\" data-end=\"1554\" \/>ihr Gleichgewicht finden,<br data-start=\"1579\" data-end=\"1582\" \/>ist die Arbeit abgeschlossen.<\/p>\n<p>&nbsp;<\/p>\n<p>&nbsp;<\/p>\n<p>&nbsp;<\/p>\n<p>[\/et_pb_text][\/et_pb_column][\/et_pb_row][\/et_pb_section]<\/p>\n","protected":false},"excerpt":{"rendered":"<p>Material, Licht und ZeitGefundenes MaterialJede Arbeit beginnt mit einem gefundenen Material. Altes Glas tr\u00e4gt Geschichten in sich.Von Gebrauch und Vergessen.Von Wegen, die es genommen hat. Ich suche diese Materialien bewusst \u2013und lasse mich zugleich von ihnen finden. FundorteFlussufer.Antikm\u00e4rkte.Archive des Zufalls. Am Uferformen Wasser, Sand und Zeit das Glas. Auf M\u00e4rkten treten Objektemit Spuren fr\u00fcherer Leben [&hellip;]<\/p>\n","protected":false},"author":1,"featured_media":0,"parent":0,"menu_order":0,"comment_status":"closed","ping_status":"closed","template":"","meta":{"_et_pb_use_builder":"on","_et_pb_old_content":"","_et_gb_content_width":"","footnotes":""},"class_list":["post-2522","page","type-page","status-publish","hentry"],"_links":{"self":[{"href":"https:\/\/jewelights.com\/en\/wp-json\/wp\/v2\/pages\/2522","targetHints":{"allow":["GET"]}}],"collection":[{"href":"https:\/\/jewelights.com\/en\/wp-json\/wp\/v2\/pages"}],"about":[{"href":"https:\/\/jewelights.com\/en\/wp-json\/wp\/v2\/types\/page"}],"author":[{"embeddable":true,"href":"https:\/\/jewelights.com\/en\/wp-json\/wp\/v2\/users\/1"}],"replies":[{"embeddable":true,"href":"https:\/\/jewelights.com\/en\/wp-json\/wp\/v2\/comments?post=2522"}],"version-history":[{"count":87,"href":"https:\/\/jewelights.com\/en\/wp-json\/wp\/v2\/pages\/2522\/revisions"}],"predecessor-version":[{"id":3472,"href":"https:\/\/jewelights.com\/en\/wp-json\/wp\/v2\/pages\/2522\/revisions\/3472"}],"wp:attachment":[{"href":"https:\/\/jewelights.com\/en\/wp-json\/wp\/v2\/media?parent=2522"}],"curies":[{"name":"wp","href":"https:\/\/api.w.org\/{rel}","templated":true}]}}