{"id":177,"date":"2022-09-07T14:09:20","date_gmt":"2022-09-07T14:09:20","guid":{"rendered":"https:\/\/jewelights.live-website.com\/?page_id=177"},"modified":"2025-06-22T15:04:50","modified_gmt":"2025-06-22T15:04:50","slug":"177-2","status":"publish","type":"page","link":"https:\/\/jewelights.com\/en\/177-2","title":{"rendered":"| idyb"},"content":{"rendered":"<p>[et_pb_section fb_built=&#8220;1&#8243; fullwidth=&#8220;on&#8220; _builder_version=&#8220;4.18.0&#8243; _module_preset=&#8220;default&#8220; global_colors_info=&#8220;{}&#8220;][et_pb_fullwidth_image src=&#8220;https:\/\/jewelights.com\/wp-content\/uploads\/2022\/09\/MEINE-GESCHICHTE-mh02-3.jpg&#8220; title_text=&#8220;MEINE-GESCHICHTE&#8212;mh02-3&#8243; disabled_on=&#8220;on|off|off&#8220; _builder_version=&#8220;4.20.2&#8243; _module_preset=&#8220;default&#8220; global_colors_info=&#8220;{}&#8220;][\/et_pb_fullwidth_image][et_pb_fullwidth_image src=&#8220;https:\/\/jewelights.com\/wp-content\/uploads\/2023\/03\/5-MX-3-1.jpg&#8220; title_text=&#8220;5-MX-3&#8243; disabled_on=&#8220;off|on|on&#8220; _builder_version=&#8220;4.20.2&#8243; _module_preset=&#8220;default&#8220; global_colors_info=&#8220;{}&#8220;][\/et_pb_fullwidth_image][et_pb_fullwidth_image src=&#8220;https:\/\/jewelights.com\/wp-content\/uploads\/2023\/03\/5-MX-2-1.jpg&#8220; title_text=&#8220;5-MX-2&#8243; disabled_on=&#8220;off|on|on&#8220; _builder_version=&#8220;4.20.2&#8243; _module_preset=&#8220;default&#8220; global_colors_info=&#8220;{}&#8220;][\/et_pb_fullwidth_image][\/et_pb_section][et_pb_section fb_built=&#8220;1&#8243; _builder_version=&#8220;4.18.0&#8243; _module_preset=&#8220;default&#8220; global_colors_info=&#8220;{}&#8220;][et_pb_row _builder_version=&#8220;4.18.0&#8243; _module_preset=&#8220;default&#8220; global_colors_info=&#8220;{}&#8220;][et_pb_column type=&#8220;4_4&#8243; _builder_version=&#8220;4.18.0&#8243; _module_preset=&#8220;default&#8220; global_colors_info=&#8220;{}&#8220;][et_pb_text _builder_version=&#8220;4.18.0&#8243; _module_preset=&#8220;default&#8220; custom_padding=&#8220;||0px|||&#8220; global_colors_info=&#8220;{}&#8220;]<\/p>\n<p>Das erste jeweLIGHTS, \u201eLIGHT BLUE COLLAR\u201c, wurde von dem in New York ans\u00e4ssigen M\u00f6bel- und Produktdesigner Karim Rashid f\u00fcr das renommierte \u201eInternational Design Yearbook 2003\/04\u201c ausgew\u00e4hlt.<\/p>\n<p>[\/et_pb_text][\/et_pb_column][\/et_pb_row][et_pb_row _builder_version=&#8220;4.18.0&#8243; _module_preset=&#8220;default&#8220; global_colors_info=&#8220;{}&#8220;][et_pb_column type=&#8220;4_4&#8243; _builder_version=&#8220;4.18.0&#8243; _module_preset=&#8220;default&#8220; global_colors_info=&#8220;{}&#8220;][et_pb_text _builder_version=&#8220;4.18.0&#8243; _module_preset=&#8220;default&#8220; global_colors_info=&#8220;{}&#8220;]<\/p>\n<p><em>\u201eIn diesem Jahrbuch sind 300 der besten Designs des Jahres 2003 versammelt. <br \/>(\u2026) In radikaler Abkehr vom traditionellen Format des Jahrbuchs werden M\u00f6bel, Leuchten, Geschirr, Textilien und Produkte thematisch nach internationalen Designtrends gruppiert: Futuretro, Neukitsch, Ph\u00e4nomene, Organic Design, Dekor, Multifunktionalit\u00e4t, Minimal Design und Techno.\u201c<\/em><\/p>\n<p><em><\/em><\/p>\n<p>[\/et_pb_text][\/et_pb_column][\/et_pb_row][\/et_pb_section]<\/p>\n","protected":false},"excerpt":{"rendered":"<p>Das erste jeweLIGHTS, \u201eLIGHT BLUE COLLAR\u201c, wurde von dem in New York ans\u00e4ssigen M\u00f6bel- und Produktdesigner Karim Rashid f\u00fcr das renommierte \u201eInternational Design Yearbook 2003\/04\u201c ausgew\u00e4hlt.\u201eIn diesem Jahrbuch sind 300 der besten Designs des Jahres 2003 versammelt. (\u2026) In radikaler Abkehr vom traditionellen Format des Jahrbuchs werden M\u00f6bel, Leuchten, Geschirr, Textilien und Produkte thematisch nach [&hellip;]<\/p>\n","protected":false},"author":1,"featured_media":0,"parent":0,"menu_order":0,"comment_status":"closed","ping_status":"closed","template":"","meta":{"_et_pb_use_builder":"on","_et_pb_old_content":"","_et_gb_content_width":"","footnotes":""},"class_list":["post-177","page","type-page","status-publish","hentry"],"_links":{"self":[{"href":"https:\/\/jewelights.com\/en\/wp-json\/wp\/v2\/pages\/177","targetHints":{"allow":["GET"]}}],"collection":[{"href":"https:\/\/jewelights.com\/en\/wp-json\/wp\/v2\/pages"}],"about":[{"href":"https:\/\/jewelights.com\/en\/wp-json\/wp\/v2\/types\/page"}],"author":[{"embeddable":true,"href":"https:\/\/jewelights.com\/en\/wp-json\/wp\/v2\/users\/1"}],"replies":[{"embeddable":true,"href":"https:\/\/jewelights.com\/en\/wp-json\/wp\/v2\/comments?post=177"}],"version-history":[{"count":17,"href":"https:\/\/jewelights.com\/en\/wp-json\/wp\/v2\/pages\/177\/revisions"}],"predecessor-version":[{"id":1709,"href":"https:\/\/jewelights.com\/en\/wp-json\/wp\/v2\/pages\/177\/revisions\/1709"}],"wp:attachment":[{"href":"https:\/\/jewelights.com\/en\/wp-json\/wp\/v2\/media?parent=177"}],"curies":[{"name":"wp","href":"https:\/\/api.w.org\/{rel}","templated":true}]}}