{"id":3261,"date":"2026-02-01T02:11:06","date_gmt":"2026-02-01T00:11:06","guid":{"rendered":"https:\/\/jewelights.com\/?page_id=3261"},"modified":"2026-02-03T11:24:55","modified_gmt":"2026-02-03T09:24:55","slug":"touched-by-light","status":"publish","type":"page","link":"https:\/\/jewelights.com\/de_de\/touched-by-light","title":{"rendered":"touched by LIGHT"},"content":{"rendered":"<p>[et_pb_section fb_built=&#8220;1&#8243; _builder_version=&#8220;4.27.5&#8243; _module_preset=&#8220;default&#8220; global_colors_info=&#8220;{}&#8220;][et_pb_row _builder_version=&#8220;4.27.5&#8243; _module_preset=&#8220;default&#8220; global_colors_info=&#8220;{}&#8220;][et_pb_column type=&#8220;4_4&#8243; _builder_version=&#8220;4.27.5&#8243; _module_preset=&#8220;default&#8220; global_colors_info=&#8220;{}&#8220;][et_pb_text disabled_on=&#8220;off|off|off&#8220; _builder_version=&#8220;4.27.5&#8243; _module_preset=&#8220;32eb9a1c-b24e-47b0-a26c-c02a0781a689&#8243; custom_margin=&#8220;|||-25px|false|false&#8220; global_colors_info=&#8220;{}&#8220;]<\/p>\n<h1>touched by LIGHT<\/h1>\n<p>[\/et_pb_text][et_pb_text _builder_version=&#8220;4.27.5&#8243; _module_preset=&#8220;default&#8220; global_colors_info=&#8220;{}&#8220;]<\/p>\n<p>wearable light object<\/p>\n<p>[\/et_pb_text][\/et_pb_column][\/et_pb_row][\/et_pb_section][et_pb_section fb_built=&#8220;1&#8243; fullwidth=&#8220;on&#8220; disabled_on=&#8220;on|off|off&#8220; _builder_version=&#8220;4.27.5&#8243; _module_preset=&#8220;default&#8220; global_colors_info=&#8220;{}&#8220;][et_pb_fullwidth_image src=&#8220;https:\/\/jewelights.com\/wp-content\/uploads\/2026\/02\/Selbstaendig-ueberarbeitete-Version-PHASE-7-UHD-mit-Nummerierung-fuer-ChatGPT.jpg&#8220; title_text=&#8220;Selbst\u00e4ndig \u00fcberarbeitete Version PHASE 7 &#8211; UHD &#8211; mit Nummerie&#8220; disabled_on=&#8220;on|off|off&#8220; _builder_version=&#8220;4.27.5&#8243; _module_preset=&#8220;default&#8220; global_colors_info=&#8220;{}&#8220;][\/et_pb_fullwidth_image][\/et_pb_section][et_pb_section fb_built=&#8220;1&#8243; disabled_on=&#8220;on|off|off&#8220; _builder_version=&#8220;4.27.5&#8243; _module_preset=&#8220;default&#8220; global_colors_info=&#8220;{}&#8220;][et_pb_row _builder_version=&#8220;4.27.4&#8243; _module_preset=&#8220;default&#8220; global_colors_info=&#8220;{}&#8220;][et_pb_column type=&#8220;4_4&#8243; _builder_version=&#8220;4.27.4&#8243; _module_preset=&#8220;default&#8220; global_colors_info=&#8220;{}&#8220;][et_pb_text disabled_on=&#8220;on|off|off&#8220; _builder_version=&#8220;4.27.5&#8243; _module_preset=&#8220;default&#8220; header_3_font_size=&#8220;25px&#8220; custom_padding=&#8220;0px||0px|||&#8220; global_colors_info=&#8220;{}&#8220;]<\/p>\n<p><strong>Orientierung<\/strong><\/p>\n<p>touched by LIGHT ist kein Schmuck im klassischen Sinn.<br \/>Es ist ein stilles Objekt, das N\u00e4he zul\u00e4sst.<\/p>\n<p>&nbsp;<\/p>\n<p>Gedacht f\u00fcr Momente ohne Anspruch.<br \/>F\u00fcr Augenblicke, in denen Licht nicht \u00fcberzeugen muss, sondern begleitet.<\/p>\n<p>&nbsp;<\/p>\n<p>Nicht als Zeichen nach au\u00dfen.<br \/>Sondern als leise Pr\u00e4senz am K\u00f6rper.<\/p>\n<p><strong><\/strong><\/p>\n<p><strong><\/strong><\/p>\n<p><strong>Objekt<\/strong><\/p>\n<p>Ein mundgeblasener Glasflakon mit sichtbaren Spuren seiner Entstehung.<br \/>Zwei integrierte LEDs machen Materialunregelm\u00e4\u00dfigkeiten lesbar.<\/p>\n<p>&nbsp;<\/p>\n<p>Die L\u00e4nge des Schmuckdrahtes ist verstellbar<br \/>und erlaubt unterschiedliche Trageh\u00f6hen.<\/p>\n<p>&nbsp;<\/p>\n<p>touched by LIGHT ist in drei Lichtzust\u00e4nden erh\u00e4ltlich<br \/>und in einer limitierten Auflage gefertigt.<\/p>\n<p><strong><\/strong><\/p>\n<p><strong><\/strong><\/p>\n<p><strong>Verf\u00fcgbarkeit<\/strong><\/p>\n<p>Einige touched by LIGHT sind aktuell verf\u00fcgbar.<br \/>N\u00e4heres findet sich auf der Seite <a href=\"https:\/\/jewelights.com\/de_de\/available\">AVAILABLE.<\/a><\/p>\n<p><strong><\/strong><\/p>\n<p><strong><\/strong><\/p>\n<p><strong><\/strong><\/p>\n<p>&nbsp;<\/p>\n<p>&nbsp;<\/p>\n<p>[\/et_pb_text][\/et_pb_column][\/et_pb_row][\/et_pb_section][et_pb_section fb_built=&#8220;1&#8243; fullwidth=&#8220;on&#8220; _builder_version=&#8220;4.27.5&#8243; _module_preset=&#8220;default&#8220; global_colors_info=&#8220;{}&#8220;][et_pb_fullwidth_image src=&#8220;https:\/\/jewelights.com\/wp-content\/uploads\/2026\/02\/touched-by-LIGHT-1080-x-1350-px-fuer-Mobile.jpg&#8220; title_text=&#8220;touched by LIGHT &#8211; 1080 x 1350 px &#8211; f\u00fcr Mobile&#8220; disabled_on=&#8220;off|on|on&#8220; _builder_version=&#8220;4.27.5&#8243; _module_preset=&#8220;default&#8220; global_colors_info=&#8220;{}&#8220;][\/et_pb_fullwidth_image][\/et_pb_section][et_pb_section fb_built=&#8220;1&#8243; disabled_on=&#8220;off|on|on&#8220; _builder_version=&#8220;4.27.5&#8243; _module_preset=&#8220;default&#8220; global_colors_info=&#8220;{}&#8220;][et_pb_row _builder_version=&#8220;4.27.5&#8243; _module_preset=&#8220;default&#8220; global_colors_info=&#8220;{}&#8220;][et_pb_column type=&#8220;4_4&#8243; _builder_version=&#8220;4.27.5&#8243; _module_preset=&#8220;default&#8220; global_colors_info=&#8220;{}&#8220;][et_pb_text disabled_on=&#8220;off|on|on&#8220; _builder_version=&#8220;4.27.5&#8243; _module_preset=&#8220;default&#8220; custom_margin=&#8220;||33px|||&#8220; custom_padding=&#8220;||1px|||&#8220; hover_enabled=&#8220;0&#8243; global_colors_info=&#8220;{}&#8220; sticky_enabled=&#8220;0&#8243;]<\/p>\n<p><strong>Orientierung<\/strong><\/p>\n<p>touched by LIGHT ist kein Schmuck im klassischen Sinn.\u00a0<br \/>Es ist ein stilles Objekt, das N\u00e4he zul\u00e4sst.<\/p>\n<p>&nbsp;<\/p>\n<p>Gedacht f\u00fcr Momente ohne Anspruch.<br \/>F\u00fcr Augenblicke, in denen Licht nicht \u00fcberzeugen muss, sondern begleitet.<\/p>\n<p>&nbsp;<\/p>\n<p>Nicht als Zeichen nach au\u00dfen.<br \/>Sondern als leise Pr\u00e4senz am K\u00f6rper.<\/p>\n<p>&nbsp;<\/p>\n<p><strong>Objekt<\/strong><\/p>\n<p>Ein mundgeblasener Glasflakon mit sichtbaren Spuren seiner Entstehung.<br \/>Zwei integrierte LEDs machen Materialunregelm\u00e4\u00dfigkeiten lesbar.<\/p>\n<p>&nbsp;<\/p>\n<p>Die L\u00e4nge des Schmuckdrahtes ist verstellbar<br \/>und erlaubt unterschiedliche Trageh\u00f6hen.<\/p>\n<p>&nbsp;<\/p>\n<p>touched by LIGHT ist in drei Lichtzust\u00e4nden erh\u00e4ltlich<br \/>und in einer limitierten Auflage gefertigt.<\/p>\n<p><strong><\/strong><\/p>\n<p><strong>Verf\u00fcgbarkeit<\/strong><\/p>\n<p>Einige touched by LIGHT sind aktuell verf\u00fcgbar.<\/p>\n<p>N\u00e4heres findet sich auf der Seite <a href=\"https:\/\/jewelights.com\/de_de\/available\">AVAILABLE.<\/a><\/p>\n<p>[\/et_pb_text][\/et_pb_column][\/et_pb_row][\/et_pb_section][et_pb_section fb_built=&#8220;1&#8243; disabled_on=&#8220;off|on|on&#8220; _builder_version=&#8220;4.27.5&#8243; _module_preset=&#8220;default&#8220; min_height=&#8220;70vh&#8220; global_colors_info=&#8220;{}&#8220;][\/et_pb_section]<\/p>\n","protected":false},"excerpt":{"rendered":"<p>touched by LIGHTwearable light objectOrientierung touched by LIGHT ist kein Schmuck im klassischen Sinn.Es ist ein stilles Objekt, das N\u00e4he zul\u00e4sst. &nbsp; Gedacht f\u00fcr Momente ohne Anspruch.F\u00fcr Augenblicke, in denen Licht nicht \u00fcberzeugen muss, sondern begleitet. &nbsp; Nicht als Zeichen nach au\u00dfen.Sondern als leise Pr\u00e4senz am K\u00f6rper. Objekt Ein mundgeblasener Glasflakon mit sichtbaren Spuren seiner [&hellip;]<\/p>\n","protected":false},"author":1,"featured_media":0,"parent":0,"menu_order":0,"comment_status":"closed","ping_status":"closed","template":"","meta":{"_et_pb_use_builder":"on","_et_pb_old_content":"","_et_gb_content_width":"","footnotes":""},"class_list":["post-3261","page","type-page","status-publish","hentry"],"_links":{"self":[{"href":"https:\/\/jewelights.com\/de_de\/wp-json\/wp\/v2\/pages\/3261","targetHints":{"allow":["GET"]}}],"collection":[{"href":"https:\/\/jewelights.com\/de_de\/wp-json\/wp\/v2\/pages"}],"about":[{"href":"https:\/\/jewelights.com\/de_de\/wp-json\/wp\/v2\/types\/page"}],"author":[{"embeddable":true,"href":"https:\/\/jewelights.com\/de_de\/wp-json\/wp\/v2\/users\/1"}],"replies":[{"embeddable":true,"href":"https:\/\/jewelights.com\/de_de\/wp-json\/wp\/v2\/comments?post=3261"}],"version-history":[{"count":12,"href":"https:\/\/jewelights.com\/de_de\/wp-json\/wp\/v2\/pages\/3261\/revisions"}],"predecessor-version":[{"id":3456,"href":"https:\/\/jewelights.com\/de_de\/wp-json\/wp\/v2\/pages\/3261\/revisions\/3456"}],"wp:attachment":[{"href":"https:\/\/jewelights.com\/de_de\/wp-json\/wp\/v2\/media?parent=3261"}],"curies":[{"name":"wp","href":"https:\/\/api.w.org\/{rel}","templated":true}]}}