{"id":2280,"date":"2025-07-04T23:29:43","date_gmt":"2025-07-04T21:29:43","guid":{"rendered":"https:\/\/jewelights.com\/?page_id=2280"},"modified":"2025-07-05T00:15:27","modified_gmt":"2025-07-04T22:15:27","slug":"d-cd-micado-2","status":"publish","type":"page","link":"https:\/\/jewelights.com\/de_de\/d-cd-micado-2","title":{"rendered":"D-CD-MICADO"},"content":{"rendered":"<p>[et_pb_section fb_built=&#8220;1&#8243; fullwidth=&#8220;on&#8220; _builder_version=&#8220;4.18.0&#8243; _module_preset=&#8220;default&#8220; global_colors_info=&#8220;{}&#8220;][et_pb_image src=&#8220;https:\/\/jewelights.com\/wp-content\/uploads\/2025\/07\/0DX-2025-07_deep-sea-nur-ADD-ONs-MH01_7.jpg&#8220; title_text=&#8220;0DX-2025-07_deep sea nur ADD-ONs-MH01_7&#8243; _builder_version=&#8220;4.27.4&#8243; _module_preset=&#8220;default&#8220; global_colors_info=&#8220;{}&#8220;][\/et_pb_image][et_pb_nextend_smart_slider_3_fullwidth slider=&#8220;41&#8243; disabled_on=&#8220;off|on|on&#8220; _builder_version=&#8220;4.27.4&#8243; _module_preset=&#8220;default&#8220; global_colors_info=&#8220;{}&#8220;][\/et_pb_nextend_smart_slider_3_fullwidth][\/et_pb_section][et_pb_section fb_built=&#8220;1&#8243; _builder_version=&#8220;4.18.0&#8243; _module_preset=&#8220;default&#8220; global_colors_info=&#8220;{}&#8220;][et_pb_row _builder_version=&#8220;4.18.0&#8243; _module_preset=&#8220;default&#8220; global_colors_info=&#8220;{}&#8220;][et_pb_column type=&#8220;4_4&#8243; _builder_version=&#8220;4.18.0&#8243; _module_preset=&#8220;default&#8220; global_colors_info=&#8220;{}&#8220;][et_pb_heading title=&#8220;MICADO 99&#8243; _builder_version=&#8220;4.27.4&#8243; _module_preset=&#8220;default&#8220; global_colors_info=&#8220;{}&#8220;][\/et_pb_heading][et_pb_text _builder_version=&#8220;4.27.4&#8243; _module_preset=&#8220;default&#8220; custom_padding=&#8220;||1px|||&#8220; global_colors_info=&#8220;{}&#8220;]<\/p>\n<p><em>.<strong>UNIKAT (mit Prototypen-Charme)<\/strong><\/em><\/p>\n<p><em>bestehend aus:<\/em><\/p>\n<p><em> <\/em><\/p>\n<p><em>\u2013 10 bunten Kunststoffabschnitten von Glasfaserverkabelungen (aus dauerhaftem Polypropylen)<br \/>\u2013 verbunden mit wei\u00dfen Kabelbindern (ebenfalls aus Polypropylen) zu einem beschwingten Arrangement,<br \/>\u2013 illuminiert von 99 wei\u00dfen LEDs (die innerhalb und au\u00dferhalb der farbigen Kunststoffr\u00f6hrchen verlaufen).<\/em><\/p>\n<p><em>\u2013 Einem Batterie-Holder am wei\u00dfen Stretchg\u00fcrtel. <br \/>Die Breite des verstellbaren Gurts betr\u00e4gt 3 cm und die L\u00e4nge kann durch eine flache verstellbare Schnalle von 20,4 Zoll \/ 52 cm auf 39,3 Zoll \/ 100 cm verl\u00e4ngert werden. Das verstellbare Design und die gute Elastizit\u00e4t sorgen daf\u00fcr, dass dieser \u201eunsichtbare G\u00fcrtel\u201c sich gut an Ihre Taille anschmiegt. (Nur Handw\u00e4sche | den Batterieholder zuvor bitte abnehmen!);<\/em><\/p>\n<p><em>\u2013 einem Batteriesatz <\/em><em>(<\/em><em>3 AA Alkali-Mangan Batterien \u00e1 1,5 V<\/em><em>);<\/p>\n<p>\u2013 einer stabilen Aufbewahrungsbox (aus schwarzer Vollpappe);<\/em><\/p>\n<p><em>\u2013 einer handgestalteten Anleitung \/ signiert von Marc Mann.<\/em><\/p>\n<p><em> <\/em><\/p>\n<p><strong><em><\/em><\/strong><\/p>\n<p><strong><em>FAQ:<\/em><\/strong><\/p>\n<p><em>Bei bestimmungsgem\u00e4\u00dfem Gebrauch wird die Lebensdauer der Leuchtdioden (LEDs) nicht ausgesch\u00f6pft.<\/em><\/p>\n<p><em>Ein frischer Batteriesatz illuminiert das Schmuckst\u00fcck f\u00fcr etwa XX Stunden.<\/em><\/p>\n<p><em>Handgefertigt in Hamburg.<br \/>2 Jahre Garantie ab Kaufdatum.<\/em><\/p>\n<p><em>\u00a0* * *<\/em><\/p>\n<p><em>Senden Sie mir bei Interesse gerne eine Nachricht \u00fcber das\u00a0<a href=\"https:\/\/jewelights.com\/202-2\">Kontaktformular<\/a>\u00a0dieser Webpage.<\/em><\/p>\n<p>&nbsp;<\/p>\n<p>[\/et_pb_text][\/et_pb_column][\/et_pb_row][\/et_pb_section][et_pb_section fb_built=&#8220;1&#8243; fullwidth=&#8220;on&#8220; _builder_version=&#8220;4.18.0&#8243; _module_preset=&#8220;default&#8220; global_colors_info=&#8220;{}&#8220;][et_pb_image src=&#8220;https:\/\/jewelights.com\/wp-content\/uploads\/2025\/07\/0DX-2025-07_deep-sea-nur-ADD-ONs-MH01_3.jpg&#8220; title_text=&#8220;0DX-2025-07_deep sea nur ADD-ONs-MH01_3&#8243; _builder_version=&#8220;4.27.4&#8243; _module_preset=&#8220;default&#8220; global_colors_info=&#8220;{}&#8220;][\/et_pb_image][et_pb_nextend_smart_slider_3_fullwidth slider=&#8220;41&#8243; disabled_on=&#8220;off|on|on&#8220; _builder_version=&#8220;4.27.4&#8243; _module_preset=&#8220;default&#8220; global_colors_info=&#8220;{}&#8220;][\/et_pb_nextend_smart_slider_3_fullwidth][\/et_pb_section]<\/p>\n","protected":false},"excerpt":{"rendered":"<p>.UNIKAT (mit Prototypen-Charme) bestehend aus: \u2013 10 bunten Kunststoffabschnitten von Glasfaserverkabelungen (aus dauerhaftem Polypropylen)\u2013 verbunden mit wei\u00dfen Kabelbindern (ebenfalls aus Polypropylen) zu einem beschwingten Arrangement,\u2013 illuminiert von 99 wei\u00dfen LEDs (die innerhalb und au\u00dferhalb der farbigen Kunststoffr\u00f6hrchen verlaufen). \u2013 Einem Batterie-Holder am wei\u00dfen Stretchg\u00fcrtel. Die Breite des verstellbaren Gurts betr\u00e4gt 3 cm und die L\u00e4nge [&hellip;]<\/p>\n","protected":false},"author":1,"featured_media":0,"parent":0,"menu_order":0,"comment_status":"closed","ping_status":"closed","template":"","meta":{"_et_pb_use_builder":"on","_et_pb_old_content":"","_et_gb_content_width":"","footnotes":""},"class_list":["post-2280","page","type-page","status-publish","hentry"],"_links":{"self":[{"href":"https:\/\/jewelights.com\/de_de\/wp-json\/wp\/v2\/pages\/2280","targetHints":{"allow":["GET"]}}],"collection":[{"href":"https:\/\/jewelights.com\/de_de\/wp-json\/wp\/v2\/pages"}],"about":[{"href":"https:\/\/jewelights.com\/de_de\/wp-json\/wp\/v2\/types\/page"}],"author":[{"embeddable":true,"href":"https:\/\/jewelights.com\/de_de\/wp-json\/wp\/v2\/users\/1"}],"replies":[{"embeddable":true,"href":"https:\/\/jewelights.com\/de_de\/wp-json\/wp\/v2\/comments?post=2280"}],"version-history":[{"count":9,"href":"https:\/\/jewelights.com\/de_de\/wp-json\/wp\/v2\/pages\/2280\/revisions"}],"predecessor-version":[{"id":2303,"href":"https:\/\/jewelights.com\/de_de\/wp-json\/wp\/v2\/pages\/2280\/revisions\/2303"}],"wp:attachment":[{"href":"https:\/\/jewelights.com\/de_de\/wp-json\/wp\/v2\/media?parent=2280"}],"curies":[{"name":"wp","href":"https:\/\/api.w.org\/{rel}","templated":true}]}}