{"id":1957,"date":"2025-06-26T17:26:10","date_gmt":"2025-06-26T15:26:10","guid":{"rendered":"https:\/\/jewelights.com\/?page_id=1957"},"modified":"2025-06-26T23:18:53","modified_gmt":"2025-06-26T21:18:53","slug":"sound-aktivieren","status":"publish","type":"page","link":"https:\/\/jewelights.com\/de_de\/sound-aktivieren","title":{"rendered":"Sound aktivieren"},"content":{"rendered":"<p>[et_pb_section fb_built=&#8220;1&#8243; fullwidth=&#8220;on&#8220; _builder_version=&#8220;4.18.0&#8243; _module_preset=&#8220;default&#8220; global_colors_info=&#8220;{}&#8220; theme_builder_area=&#8220;post_content&#8220;][et_pb_nextend_smart_slider_3_fullwidth slider=&#8220;40&#8243; disabled_on=&#8220;on|off|off&#8220; _builder_version=&#8220;4.27.4&#8243; _module_preset=&#8220;default&#8220; global_colors_info=&#8220;{}&#8220; theme_builder_area=&#8220;post_content&#8220;][\/et_pb_nextend_smart_slider_3_fullwidth][et_pb_nextend_smart_slider_3_fullwidth slider=&#8220;41&#8243; disabled_on=&#8220;off|on|on&#8220; _builder_version=&#8220;4.27.4&#8243; _module_preset=&#8220;default&#8220; global_colors_info=&#8220;{}&#8220; theme_builder_area=&#8220;post_content&#8220;][\/et_pb_nextend_smart_slider_3_fullwidth][\/et_pb_section][et_pb_section fb_built=&#8220;1&#8243; _builder_version=&#8220;4.19.1&#8243; _module_preset=&#8220;default&#8220; background_color=&#8220;RGBA(255,255,255,0)&#8220; height=&#8220;100px&#8220; max_height=&#8220;554px&#8220; custom_margin=&#8220;-42px||||false|false&#8220; global_colors_info=&#8220;{}&#8220; theme_builder_area=&#8220;post_content&#8220;][et_pb_row column_structure=&#8220;1_3,1_3,1_3&#8243; _builder_version=&#8220;4.18.0&#8243; _module_preset=&#8220;default&#8220; custom_margin=&#8220;0px||0px||true|false&#8220; custom_padding=&#8220;0px||0px||true|false&#8220; global_colors_info=&#8220;{}&#8220; theme_builder_area=&#8220;post_content&#8220;][et_pb_column type=&#8220;1_3&#8243; _builder_version=&#8220;4.18.0&#8243; _module_preset=&#8220;default&#8220; global_colors_info=&#8220;{}&#8220; theme_builder_area=&#8220;post_content&#8220;][\/et_pb_column][et_pb_column type=&#8220;1_3&#8243; _builder_version=&#8220;4.18.0&#8243; _module_preset=&#8220;default&#8220; global_colors_info=&#8220;{}&#8220; theme_builder_area=&#8220;post_content&#8220;][et_pb_audio audio=&#8220;https:\/\/jewelights.com\/wp-content\/uploads\/2025\/06\/TRAF-Dissociative.wav&#8220; title=&#8220;Dissociative&#8220; artist_name=&#8220;TRAF&#8220; album_name=&#8220;Umsonst &#038; Draussen&#8220; _builder_version=&#8220;4.27.4&#8243; _module_preset=&#8220;default&#8220; title_level=&#8220;h6&#8243; title_text_color=&#8220;#000000&#8243; title_font_size=&#8220;1px&#8220; title_line_height=&#8220;1em&#8220; caption_font_size=&#8220;1px&#8220; caption_line_height=&#8220;1em&#8220; background_color=&#8220;RGBA(255,255,255,0)&#8220; background_layout=&#8220;light&#8220; global_colors_info=&#8220;{}&#8220; theme_builder_area=&#8220;post_content&#8220;][\/et_pb_audio][\/et_pb_column][et_pb_column type=&#8220;1_3&#8243; _builder_version=&#8220;4.18.0&#8243; _module_preset=&#8220;default&#8220; global_colors_info=&#8220;{}&#8220; theme_builder_area=&#8220;post_content&#8220;][\/et_pb_column][\/et_pb_row][\/et_pb_section][et_pb_section fb_built=&#8220;1&#8243; fullwidth=&#8220;on&#8220; _builder_version=&#8220;4.19.1&#8243; _module_preset=&#8220;default&#8220; background_color=&#8220;RGBA(255,255,255,0)&#8220; custom_margin=&#8220;-17px||||false|false&#8220; global_colors_info=&#8220;{}&#8220; theme_builder_area=&#8220;post_content&#8220;][et_pb_fullwidth_code disabled_on=&#8220;on|on|on&#8220; _builder_version=&#8220;4.20.2&#8243; _module_preset=&#8220;default&#8220; position_origin_r=&#8220;bottom_left&#8220; disabled=&#8220;on&#8220; global_colors_info=&#8220;{}&#8220; theme_builder_area=&#8220;post_content&#8220;]<!DOCTYPE html><!-- [et_pb_line_break_holder] --><html><!-- [et_pb_line_break_holder] --><body><!-- [et_pb_line_break_holder] --><!-- [et_pb_line_break_holder] --><audio controls loop><!-- [et_pb_line_break_holder] --><source src=\"https:\/\/jewelights.com\/wp-content\/uploads\/2022\/09\/19463737_MotionElements_chill-lo-fi-sentimental.wav\" type=\"audio\/wav\"><!-- [et_pb_line_break_holder] -->  Your browser does not support the audio element.<!-- [et_pb_line_break_holder] --><\/audio><!-- [et_pb_line_break_holder] --><!-- [et_pb_line_break_holder] --><\/body><!-- [et_pb_line_break_holder] --><\/html>[\/et_pb_fullwidth_code][\/et_pb_section][et_pb_section fb_built=&#8220;1&#8243; _builder_version=&#8220;4.18.0&#8243; _module_preset=&#8220;default&#8220; global_colors_info=&#8220;{}&#8220; theme_builder_area=&#8220;post_content&#8220;][et_pb_row _builder_version=&#8220;4.18.0&#8243; _module_preset=&#8220;default&#8220; global_colors_info=&#8220;{}&#8220; theme_builder_area=&#8220;post_content&#8220;][et_pb_column type=&#8220;4_4&#8243; _builder_version=&#8220;4.18.0&#8243; _module_preset=&#8220;default&#8220; global_colors_info=&#8220;{}&#8220; theme_builder_area=&#8220;post_content&#8220;][et_pb_heading title=&#8220;\u201cLICHT SOLL STAUNEN LASSEN. ICH MAG ES WENN MEINE jeweLIGHTS EINE GEWISSE LEICHTIGKEIT ATMEN.%22 (MARC MANN) &#8220; _builder_version=&#8220;4.27.4&#8243; _module_preset=&#8220;default&#8220; global_colors_info=&#8220;{}&#8220; theme_builder_area=&#8220;post_content&#8220;][\/et_pb_heading][et_pb_text _builder_version=&#8220;4.20.2&#8243; _module_preset=&#8220;default&#8220; custom_padding=&#8220;||1px|||&#8220; global_colors_info=&#8220;{}&#8220; theme_builder_area=&#8220;post_content&#8220;]<\/p>\n<p>Gerne spiele ich auch damit, in sie einen kleinen &#8218;Fremdk\u00f6rper&#8216; einzuarbeiten &#8211; denn menschliche Sch\u00f6nheit liegt im Unperfekten.<\/p>\n<p>jeweLIGHTS sind gemacht aus altem Glas. Aus winzigen Flaschen, Perlen und sogar Scherben, die durch Wasser, Sand und Wellen gerundet wurden. Aus Patina. Einer ganzen Menge davon, zum Leben erweckt durch meine Hauptzutat: Licht.<\/p>\n<p>Zusammen verschmelzen sie zu am K\u00f6rper tragbaren Lichtskulpturen, die ich aus einem inneren Drang heraus zu schaffen begann. Einem Drang, anderen die Sch\u00f6nheit der Welt zeigen zu k\u00f6nnen, die in meinem Kopf leuchtet. Eine Welt voller Leichtigkeit.\u00a0<\/p>\n<p>&nbsp;<\/p>\n<p>[\/et_pb_text][\/et_pb_column][\/et_pb_row][\/et_pb_section]<\/p>\n","protected":false},"excerpt":{"rendered":"<p>Gerne spiele ich auch damit, in sie einen kleinen &#8218;Fremdk\u00f6rper&#8216; einzuarbeiten &#8211; denn menschliche Sch\u00f6nheit liegt im Unperfekten. jeweLIGHTS sind gemacht aus altem Glas. Aus winzigen Flaschen, Perlen und sogar Scherben, die durch Wasser, Sand und Wellen gerundet wurden. Aus Patina. Einer ganzen Menge davon, zum Leben erweckt durch meine Hauptzutat: Licht. Zusammen verschmelzen sie [&hellip;]<\/p>\n","protected":false},"author":1,"featured_media":0,"parent":0,"menu_order":0,"comment_status":"closed","ping_status":"closed","template":"","meta":{"_et_pb_use_builder":"on","_et_pb_old_content":"","_et_gb_content_width":"","footnotes":""},"class_list":["post-1957","page","type-page","status-publish","hentry"],"_links":{"self":[{"href":"https:\/\/jewelights.com\/de_de\/wp-json\/wp\/v2\/pages\/1957","targetHints":{"allow":["GET"]}}],"collection":[{"href":"https:\/\/jewelights.com\/de_de\/wp-json\/wp\/v2\/pages"}],"about":[{"href":"https:\/\/jewelights.com\/de_de\/wp-json\/wp\/v2\/types\/page"}],"author":[{"embeddable":true,"href":"https:\/\/jewelights.com\/de_de\/wp-json\/wp\/v2\/users\/1"}],"replies":[{"embeddable":true,"href":"https:\/\/jewelights.com\/de_de\/wp-json\/wp\/v2\/comments?post=1957"}],"version-history":[{"count":15,"href":"https:\/\/jewelights.com\/de_de\/wp-json\/wp\/v2\/pages\/1957\/revisions"}],"predecessor-version":[{"id":2020,"href":"https:\/\/jewelights.com\/de_de\/wp-json\/wp\/v2\/pages\/1957\/revisions\/2020"}],"wp:attachment":[{"href":"https:\/\/jewelights.com\/de_de\/wp-json\/wp\/v2\/media?parent=1957"}],"curies":[{"name":"wp","href":"https:\/\/api.w.org\/{rel}","templated":true}]}}